{"id":7,"date":"2024-09-09T12:50:14","date_gmt":"2024-09-09T12:50:14","guid":{"rendered":"https:\/\/olokotofi.test.cchosting.fi\/?page_id=7"},"modified":"2025-04-15T11:13:06","modified_gmt":"2025-04-15T11:13:06","slug":"etusivu","status":"publish","type":"page","link":"https:\/\/olokoto.fi\/fi\/","title":{"rendered":"Etusivu"},"content":{"rendered":"<h1>Kun taivaskaan ei ole rajana<\/h1>\n<p>N\u00e4kym\u00e4 taivaalle avaa unohdetun ilmansuunnan. Se on ikkuna \u00e4\u00e4rett\u00f6myyteen, siin\u00e4 miss\u00e4 meren horisonttikin on \u00e4\u00e4ret\u00f6n.<\/p>\n","protected":false},"excerpt":{"rendered":"<p>Kun taivaskaan ei ole rajana N\u00e4kym\u00e4 taivaalle avaa unohdetun ilmansuunnan. Se on ikkuna \u00e4\u00e4rett\u00f6myyteen, siin\u00e4 miss\u00e4 meren horisonttikin on \u00e4\u00e4ret\u00f6n. [&#8230;]<\/p>\n<p><a class=\"btn btn-secondary understrap-read-more-link\" href=\"https:\/\/olokoto.fi\/fi\/\">Lue lis\u00e4\u00e4&#8230;<span class=\"screen-reader-text\"> from Etusivu<\/span><\/a><\/p>\n","protected":false},"author":6,"featured_media":8,"parent":0,"menu_order":0,"comment_status":"closed","ping_status":"closed","template":"","meta":{"_acf_changed":false,"footnotes":""},"class_list":["post-7","page","type-page","status-publish","has-post-thumbnail","hentry"],"acf":[],"yoast_head":"<!-- This site is optimized with the Yoast SEO plugin v25.7 - https:\/\/yoast.com\/wordpress\/plugins\/seo\/ -->\n<title>Etusivu - Olokoto<\/title>\n<meta name=\"description\" content=\"Olokoto on kansainv\u00e4lisesti palkittu ja patentoitu tilaratkaisu. Modulaarinen Olokoto taipuu yritys- ja yksityisasiakkaiden tilatarpeisiin.\" \/>\n<meta name=\"robots\" content=\"index, follow, max-snippet:-1, max-image-preview:large, max-video-preview:-1\" \/>\n<link rel=\"canonical\" href=\"https:\/\/olokoto.fi\/fi\/\" \/>\n<meta property=\"og:locale\" content=\"fi_FI\" \/>\n<meta property=\"og:type\" content=\"article\" \/>\n<meta property=\"og:title\" content=\"Etusivu - Olokoto\" \/>\n<meta property=\"og:description\" content=\"Olokoto on kansainv\u00e4lisesti palkittu ja patentoitu tilaratkaisu. Modulaarinen Olokoto taipuu yritys- ja yksityisasiakkaiden tilatarpeisiin.\" \/>\n<meta property=\"og:url\" content=\"https:\/\/olokoto.fi\/fi\/\" \/>\n<meta property=\"og:site_name\" content=\"Olokoto\" \/>\n<meta property=\"article:publisher\" content=\"https:\/\/www.facebook.com\/olokoto.fi\" \/>\n<meta property=\"article:modified_time\" content=\"2025-04-15T11:13:06+00:00\" \/>\n<meta property=\"og:image\" content=\"https:\/\/olokoto.fi\/wp-content\/uploads\/2024\/09\/etusivu.jpg\" \/>\n\t<meta property=\"og:image:width\" content=\"2500\" \/>\n\t<meta property=\"og:image:height\" content=\"1406\" \/>\n\t<meta property=\"og:image:type\" content=\"image\/jpeg\" \/>\n<meta name=\"twitter:card\" content=\"summary_large_image\" \/>\n<meta name=\"twitter:label1\" content=\"Arvioitu lukuaika\" \/>\n\t<meta name=\"twitter:data1\" content=\"2 minuuttia\" \/>\n<script type=\"application\/ld+json\" class=\"yoast-schema-graph\">{\"@context\":\"https:\/\/schema.org\",\"@graph\":[{\"@type\":\"WebPage\",\"@id\":\"https:\/\/olokoto.fi\/fi\/\",\"url\":\"https:\/\/olokoto.fi\/fi\/\",\"name\":\"Etusivu - Olokoto\",\"isPartOf\":{\"@id\":\"https:\/\/olokoto.fi\/fi\/#website\"},\"primaryImageOfPage\":{\"@id\":\"https:\/\/olokoto.fi\/fi\/#primaryimage\"},\"image\":{\"@id\":\"https:\/\/olokoto.fi\/fi\/#primaryimage\"},\"thumbnailUrl\":\"https:\/\/olokoto.fi\/wp-content\/uploads\/2024\/09\/etusivu.jpg\",\"datePublished\":\"2024-09-09T12:50:14+00:00\",\"dateModified\":\"2025-04-15T11:13:06+00:00\",\"description\":\"Olokoto on kansainv\u00e4lisesti palkittu ja patentoitu tilaratkaisu. Modulaarinen Olokoto taipuu yritys- ja yksityisasiakkaiden tilatarpeisiin.\",\"breadcrumb\":{\"@id\":\"https:\/\/olokoto.fi\/fi\/#breadcrumb\"},\"inLanguage\":\"fi\",\"potentialAction\":[{\"@type\":\"ReadAction\",\"target\":[\"https:\/\/olokoto.fi\/fi\/\"]}]},{\"@type\":\"ImageObject\",\"inLanguage\":\"fi\",\"@id\":\"https:\/\/olokoto.fi\/fi\/#primaryimage\",\"url\":\"https:\/\/olokoto.fi\/wp-content\/uploads\/2024\/09\/etusivu.jpg\",\"contentUrl\":\"https:\/\/olokoto.fi\/wp-content\/uploads\/2024\/09\/etusivu.jpg\",\"width\":2500,\"height\":1406,\"caption\":\"Screenshot\"},{\"@type\":\"BreadcrumbList\",\"@id\":\"https:\/\/olokoto.fi\/fi\/#breadcrumb\",\"itemListElement\":[{\"@type\":\"ListItem\",\"position\":1,\"name\":\"Home\",\"item\":\"https:\/\/olokoto.fi\/fi\/\"},{\"@type\":\"ListItem\",\"position\":2,\"name\":\"Etusivu\"}]},{\"@type\":\"WebSite\",\"@id\":\"https:\/\/olokoto.fi\/fi\/#website\",\"url\":\"https:\/\/olokoto.fi\/fi\/\",\"name\":\"Olokoto\",\"description\":\"\",\"publisher\":{\"@id\":\"https:\/\/olokoto.fi\/fi\/#organization\"},\"potentialAction\":[{\"@type\":\"SearchAction\",\"target\":{\"@type\":\"EntryPoint\",\"urlTemplate\":\"https:\/\/olokoto.fi\/fi\/?s={search_term_string}\"},\"query-input\":{\"@type\":\"PropertyValueSpecification\",\"valueRequired\":true,\"valueName\":\"search_term_string\"}}],\"inLanguage\":\"fi\"},{\"@type\":\"Organization\",\"@id\":\"https:\/\/olokoto.fi\/fi\/#organization\",\"name\":\"Olokoto\",\"url\":\"https:\/\/olokoto.fi\/fi\/\",\"logo\":{\"@type\":\"ImageObject\",\"inLanguage\":\"fi\",\"@id\":\"https:\/\/olokoto.fi\/fi\/#\/schema\/logo\/image\/\",\"url\":\"https:\/\/olokoto.fi\/wp-content\/uploads\/2024\/11\/olkoto-share.jpg\",\"contentUrl\":\"https:\/\/olokoto.fi\/wp-content\/uploads\/2024\/11\/olkoto-share.jpg\",\"width\":1920,\"height\":1080,\"caption\":\"Olokoto\"},\"image\":{\"@id\":\"https:\/\/olokoto.fi\/fi\/#\/schema\/logo\/image\/\"},\"sameAs\":[\"https:\/\/www.facebook.com\/olokoto.fi\",\"https:\/\/www.instagram.com\/olokoto.fi\/\"]}]}<\/script>\n<!-- \/ Yoast SEO plugin. -->","yoast_head_json":{"title":"Etusivu - Olokoto","description":"Olokoto on kansainv\u00e4lisesti palkittu ja patentoitu tilaratkaisu. Modulaarinen Olokoto taipuu yritys- ja yksityisasiakkaiden tilatarpeisiin.","robots":{"index":"index","follow":"follow","max-snippet":"max-snippet:-1","max-image-preview":"max-image-preview:large","max-video-preview":"max-video-preview:-1"},"canonical":"https:\/\/olokoto.fi\/fi\/","og_locale":"fi_FI","og_type":"article","og_title":"Etusivu - Olokoto","og_description":"Olokoto on kansainv\u00e4lisesti palkittu ja patentoitu tilaratkaisu. Modulaarinen Olokoto taipuu yritys- ja yksityisasiakkaiden tilatarpeisiin.","og_url":"https:\/\/olokoto.fi\/fi\/","og_site_name":"Olokoto","article_publisher":"https:\/\/www.facebook.com\/olokoto.fi","article_modified_time":"2025-04-15T11:13:06+00:00","og_image":[{"width":2500,"height":1406,"url":"https:\/\/olokoto.fi\/wp-content\/uploads\/2024\/09\/etusivu.jpg","type":"image\/jpeg"}],"twitter_card":"summary_large_image","twitter_misc":{"Arvioitu lukuaika":"2 minuuttia"},"schema":{"@context":"https:\/\/schema.org","@graph":[{"@type":"WebPage","@id":"https:\/\/olokoto.fi\/fi\/","url":"https:\/\/olokoto.fi\/fi\/","name":"Etusivu - Olokoto","isPartOf":{"@id":"https:\/\/olokoto.fi\/fi\/#website"},"primaryImageOfPage":{"@id":"https:\/\/olokoto.fi\/fi\/#primaryimage"},"image":{"@id":"https:\/\/olokoto.fi\/fi\/#primaryimage"},"thumbnailUrl":"https:\/\/olokoto.fi\/wp-content\/uploads\/2024\/09\/etusivu.jpg","datePublished":"2024-09-09T12:50:14+00:00","dateModified":"2025-04-15T11:13:06+00:00","description":"Olokoto on kansainv\u00e4lisesti palkittu ja patentoitu tilaratkaisu. Modulaarinen Olokoto taipuu yritys- ja yksityisasiakkaiden tilatarpeisiin.","breadcrumb":{"@id":"https:\/\/olokoto.fi\/fi\/#breadcrumb"},"inLanguage":"fi","potentialAction":[{"@type":"ReadAction","target":["https:\/\/olokoto.fi\/fi\/"]}]},{"@type":"ImageObject","inLanguage":"fi","@id":"https:\/\/olokoto.fi\/fi\/#primaryimage","url":"https:\/\/olokoto.fi\/wp-content\/uploads\/2024\/09\/etusivu.jpg","contentUrl":"https:\/\/olokoto.fi\/wp-content\/uploads\/2024\/09\/etusivu.jpg","width":2500,"height":1406,"caption":"Screenshot"},{"@type":"BreadcrumbList","@id":"https:\/\/olokoto.fi\/fi\/#breadcrumb","itemListElement":[{"@type":"ListItem","position":1,"name":"Home","item":"https:\/\/olokoto.fi\/fi\/"},{"@type":"ListItem","position":2,"name":"Etusivu"}]},{"@type":"WebSite","@id":"https:\/\/olokoto.fi\/fi\/#website","url":"https:\/\/olokoto.fi\/fi\/","name":"Olokoto","description":"","publisher":{"@id":"https:\/\/olokoto.fi\/fi\/#organization"},"potentialAction":[{"@type":"SearchAction","target":{"@type":"EntryPoint","urlTemplate":"https:\/\/olokoto.fi\/fi\/?s={search_term_string}"},"query-input":{"@type":"PropertyValueSpecification","valueRequired":true,"valueName":"search_term_string"}}],"inLanguage":"fi"},{"@type":"Organization","@id":"https:\/\/olokoto.fi\/fi\/#organization","name":"Olokoto","url":"https:\/\/olokoto.fi\/fi\/","logo":{"@type":"ImageObject","inLanguage":"fi","@id":"https:\/\/olokoto.fi\/fi\/#\/schema\/logo\/image\/","url":"https:\/\/olokoto.fi\/wp-content\/uploads\/2024\/11\/olkoto-share.jpg","contentUrl":"https:\/\/olokoto.fi\/wp-content\/uploads\/2024\/11\/olkoto-share.jpg","width":1920,"height":1080,"caption":"Olokoto"},"image":{"@id":"https:\/\/olokoto.fi\/fi\/#\/schema\/logo\/image\/"},"sameAs":["https:\/\/www.facebook.com\/olokoto.fi","https:\/\/www.instagram.com\/olokoto.fi\/"]}]}},"_links":{"self":[{"href":"https:\/\/olokoto.fi\/fi\/wp-json\/wp\/v2\/pages\/7","targetHints":{"allow":["GET"]}}],"collection":[{"href":"https:\/\/olokoto.fi\/fi\/wp-json\/wp\/v2\/pages"}],"about":[{"href":"https:\/\/olokoto.fi\/fi\/wp-json\/wp\/v2\/types\/page"}],"author":[{"embeddable":true,"href":"https:\/\/olokoto.fi\/fi\/wp-json\/wp\/v2\/users\/6"}],"replies":[{"embeddable":true,"href":"https:\/\/olokoto.fi\/fi\/wp-json\/wp\/v2\/comments?post=7"}],"version-history":[{"count":104,"href":"https:\/\/olokoto.fi\/fi\/wp-json\/wp\/v2\/pages\/7\/revisions"}],"predecessor-version":[{"id":1304,"href":"https:\/\/olokoto.fi\/fi\/wp-json\/wp\/v2\/pages\/7\/revisions\/1304"}],"wp:featuredmedia":[{"embeddable":true,"href":"https:\/\/olokoto.fi\/fi\/wp-json\/wp\/v2\/media\/8"}],"wp:attachment":[{"href":"https:\/\/olokoto.fi\/fi\/wp-json\/wp\/v2\/media?parent=7"}],"curies":[{"name":"wp","href":"https:\/\/api.w.org\/{rel}","templated":true}]}}