{"id":1058,"date":"2024-10-24T12:47:22","date_gmt":"2024-10-24T12:47:22","guid":{"rendered":"https:\/\/olokotofi.test.cchosting.fi\/?page_id=1058"},"modified":"2025-01-02T14:42:01","modified_gmt":"2025-01-02T14:42:01","slug":"yritysasiakkaat","status":"publish","type":"page","link":"https:\/\/olokoto.fi\/fi\/suunnittele-oma-olokoto\/yritysasiakkaat\/","title":{"rendered":"Yritysasiakkaat"},"content":{"rendered":"","protected":false},"excerpt":{"rendered":"<p> [&#8230;]<\/p>\n<p><a class=\"btn btn-secondary understrap-read-more-link\" href=\"https:\/\/olokoto.fi\/fi\/suunnittele-oma-olokoto\/yritysasiakkaat\/\">Lue lis\u00e4\u00e4&#8230;<span class=\"screen-reader-text\"> from Yritysasiakkaat<\/span><\/a><\/p>\n","protected":false},"author":6,"featured_media":0,"parent":1053,"menu_order":0,"comment_status":"closed","ping_status":"closed","template":"","meta":{"_acf_changed":false,"footnotes":""},"class_list":["post-1058","page","type-page","status-publish","hentry"],"acf":[],"yoast_head":"<!-- This site is optimized with the Yoast SEO plugin v25.7 - https:\/\/yoast.com\/wordpress\/plugins\/seo\/ -->\n<title>Yritysasiakkaat - Olokoto<\/title>\n<meta name=\"description\" content=\"Esteettist\u00e4 modulaarisuutta: puun ja lasin yhdistelm\u00e4 luo tilan, miss\u00e4 vieraasi voivat kokea olevansa samanaikaisesti sis\u00e4ll\u00e4 ja ulkona.\" \/>\n<meta name=\"robots\" content=\"index, follow, max-snippet:-1, max-image-preview:large, max-video-preview:-1\" \/>\n<link rel=\"canonical\" href=\"https:\/\/olokoto.fi\/fi\/suunnittele-oma-olokoto\/yritysasiakkaat\/\" \/>\n<meta property=\"og:locale\" content=\"fi_FI\" \/>\n<meta property=\"og:type\" content=\"article\" \/>\n<meta property=\"og:title\" content=\"Yritysasiakkaat - Olokoto\" \/>\n<meta property=\"og:description\" content=\"Esteettist\u00e4 modulaarisuutta: puun ja lasin yhdistelm\u00e4 luo tilan, miss\u00e4 vieraasi voivat kokea olevansa samanaikaisesti sis\u00e4ll\u00e4 ja ulkona.\" \/>\n<meta property=\"og:url\" content=\"https:\/\/olokoto.fi\/fi\/suunnittele-oma-olokoto\/yritysasiakkaat\/\" \/>\n<meta property=\"og:site_name\" content=\"Olokoto\" \/>\n<meta property=\"article:publisher\" content=\"https:\/\/www.facebook.com\/olokoto.fi\" \/>\n<meta property=\"article:modified_time\" content=\"2025-01-02T14:42:01+00:00\" \/>\n<meta name=\"twitter:card\" content=\"summary_large_image\" \/>\n<meta name=\"twitter:label1\" content=\"Arvioitu lukuaika\" \/>\n\t<meta name=\"twitter:data1\" content=\"3 minuuttia\" \/>\n<script type=\"application\/ld+json\" class=\"yoast-schema-graph\">{\"@context\":\"https:\/\/schema.org\",\"@graph\":[{\"@type\":\"WebPage\",\"@id\":\"https:\/\/olokoto.fi\/fi\/suunnittele-oma-olokoto\/yritysasiakkaat\/\",\"url\":\"https:\/\/olokoto.fi\/fi\/suunnittele-oma-olokoto\/yritysasiakkaat\/\",\"name\":\"Yritysasiakkaat - Olokoto\",\"isPartOf\":{\"@id\":\"https:\/\/olokoto.fi\/fi\/#website\"},\"datePublished\":\"2024-10-24T12:47:22+00:00\",\"dateModified\":\"2025-01-02T14:42:01+00:00\",\"description\":\"Esteettist\u00e4 modulaarisuutta: puun ja lasin yhdistelm\u00e4 luo tilan, miss\u00e4 vieraasi voivat kokea olevansa samanaikaisesti sis\u00e4ll\u00e4 ja ulkona.\",\"breadcrumb\":{\"@id\":\"https:\/\/olokoto.fi\/fi\/suunnittele-oma-olokoto\/yritysasiakkaat\/#breadcrumb\"},\"inLanguage\":\"fi\",\"potentialAction\":[{\"@type\":\"ReadAction\",\"target\":[\"https:\/\/olokoto.fi\/fi\/suunnittele-oma-olokoto\/yritysasiakkaat\/\"]}]},{\"@type\":\"BreadcrumbList\",\"@id\":\"https:\/\/olokoto.fi\/fi\/suunnittele-oma-olokoto\/yritysasiakkaat\/#breadcrumb\",\"itemListElement\":[{\"@type\":\"ListItem\",\"position\":1,\"name\":\"Home\",\"item\":\"https:\/\/olokoto.fi\/fi\/\"},{\"@type\":\"ListItem\",\"position\":2,\"name\":\"Suunnittele oma Olokoto\",\"item\":\"https:\/\/olokoto.fi\/fi\/suunnittele-oma-olokoto\/\"},{\"@type\":\"ListItem\",\"position\":3,\"name\":\"Yritysasiakkaat\"}]},{\"@type\":\"WebSite\",\"@id\":\"https:\/\/olokoto.fi\/fi\/#website\",\"url\":\"https:\/\/olokoto.fi\/fi\/\",\"name\":\"Olokoto\",\"description\":\"\",\"publisher\":{\"@id\":\"https:\/\/olokoto.fi\/fi\/#organization\"},\"potentialAction\":[{\"@type\":\"SearchAction\",\"target\":{\"@type\":\"EntryPoint\",\"urlTemplate\":\"https:\/\/olokoto.fi\/fi\/?s={search_term_string}\"},\"query-input\":{\"@type\":\"PropertyValueSpecification\",\"valueRequired\":true,\"valueName\":\"search_term_string\"}}],\"inLanguage\":\"fi\"},{\"@type\":\"Organization\",\"@id\":\"https:\/\/olokoto.fi\/fi\/#organization\",\"name\":\"Olokoto\",\"url\":\"https:\/\/olokoto.fi\/fi\/\",\"logo\":{\"@type\":\"ImageObject\",\"inLanguage\":\"fi\",\"@id\":\"https:\/\/olokoto.fi\/fi\/#\/schema\/logo\/image\/\",\"url\":\"https:\/\/olokoto.fi\/wp-content\/uploads\/2024\/11\/olkoto-share.jpg\",\"contentUrl\":\"https:\/\/olokoto.fi\/wp-content\/uploads\/2024\/11\/olkoto-share.jpg\",\"width\":1920,\"height\":1080,\"caption\":\"Olokoto\"},\"image\":{\"@id\":\"https:\/\/olokoto.fi\/fi\/#\/schema\/logo\/image\/\"},\"sameAs\":[\"https:\/\/www.facebook.com\/olokoto.fi\",\"https:\/\/www.instagram.com\/olokoto.fi\/\"]}]}<\/script>\n<!-- \/ Yoast SEO plugin. -->","yoast_head_json":{"title":"Yritysasiakkaat - Olokoto","description":"Esteettist\u00e4 modulaarisuutta: puun ja lasin yhdistelm\u00e4 luo tilan, miss\u00e4 vieraasi voivat kokea olevansa samanaikaisesti sis\u00e4ll\u00e4 ja ulkona.","robots":{"index":"index","follow":"follow","max-snippet":"max-snippet:-1","max-image-preview":"max-image-preview:large","max-video-preview":"max-video-preview:-1"},"canonical":"https:\/\/olokoto.fi\/fi\/suunnittele-oma-olokoto\/yritysasiakkaat\/","og_locale":"fi_FI","og_type":"article","og_title":"Yritysasiakkaat - Olokoto","og_description":"Esteettist\u00e4 modulaarisuutta: puun ja lasin yhdistelm\u00e4 luo tilan, miss\u00e4 vieraasi voivat kokea olevansa samanaikaisesti sis\u00e4ll\u00e4 ja ulkona.","og_url":"https:\/\/olokoto.fi\/fi\/suunnittele-oma-olokoto\/yritysasiakkaat\/","og_site_name":"Olokoto","article_publisher":"https:\/\/www.facebook.com\/olokoto.fi","article_modified_time":"2025-01-02T14:42:01+00:00","twitter_card":"summary_large_image","twitter_misc":{"Arvioitu lukuaika":"3 minuuttia"},"schema":{"@context":"https:\/\/schema.org","@graph":[{"@type":"WebPage","@id":"https:\/\/olokoto.fi\/fi\/suunnittele-oma-olokoto\/yritysasiakkaat\/","url":"https:\/\/olokoto.fi\/fi\/suunnittele-oma-olokoto\/yritysasiakkaat\/","name":"Yritysasiakkaat - Olokoto","isPartOf":{"@id":"https:\/\/olokoto.fi\/fi\/#website"},"datePublished":"2024-10-24T12:47:22+00:00","dateModified":"2025-01-02T14:42:01+00:00","description":"Esteettist\u00e4 modulaarisuutta: puun ja lasin yhdistelm\u00e4 luo tilan, miss\u00e4 vieraasi voivat kokea olevansa samanaikaisesti sis\u00e4ll\u00e4 ja ulkona.","breadcrumb":{"@id":"https:\/\/olokoto.fi\/fi\/suunnittele-oma-olokoto\/yritysasiakkaat\/#breadcrumb"},"inLanguage":"fi","potentialAction":[{"@type":"ReadAction","target":["https:\/\/olokoto.fi\/fi\/suunnittele-oma-olokoto\/yritysasiakkaat\/"]}]},{"@type":"BreadcrumbList","@id":"https:\/\/olokoto.fi\/fi\/suunnittele-oma-olokoto\/yritysasiakkaat\/#breadcrumb","itemListElement":[{"@type":"ListItem","position":1,"name":"Home","item":"https:\/\/olokoto.fi\/fi\/"},{"@type":"ListItem","position":2,"name":"Suunnittele oma Olokoto","item":"https:\/\/olokoto.fi\/fi\/suunnittele-oma-olokoto\/"},{"@type":"ListItem","position":3,"name":"Yritysasiakkaat"}]},{"@type":"WebSite","@id":"https:\/\/olokoto.fi\/fi\/#website","url":"https:\/\/olokoto.fi\/fi\/","name":"Olokoto","description":"","publisher":{"@id":"https:\/\/olokoto.fi\/fi\/#organization"},"potentialAction":[{"@type":"SearchAction","target":{"@type":"EntryPoint","urlTemplate":"https:\/\/olokoto.fi\/fi\/?s={search_term_string}"},"query-input":{"@type":"PropertyValueSpecification","valueRequired":true,"valueName":"search_term_string"}}],"inLanguage":"fi"},{"@type":"Organization","@id":"https:\/\/olokoto.fi\/fi\/#organization","name":"Olokoto","url":"https:\/\/olokoto.fi\/fi\/","logo":{"@type":"ImageObject","inLanguage":"fi","@id":"https:\/\/olokoto.fi\/fi\/#\/schema\/logo\/image\/","url":"https:\/\/olokoto.fi\/wp-content\/uploads\/2024\/11\/olkoto-share.jpg","contentUrl":"https:\/\/olokoto.fi\/wp-content\/uploads\/2024\/11\/olkoto-share.jpg","width":1920,"height":1080,"caption":"Olokoto"},"image":{"@id":"https:\/\/olokoto.fi\/fi\/#\/schema\/logo\/image\/"},"sameAs":["https:\/\/www.facebook.com\/olokoto.fi","https:\/\/www.instagram.com\/olokoto.fi\/"]}]}},"_links":{"self":[{"href":"https:\/\/olokoto.fi\/fi\/wp-json\/wp\/v2\/pages\/1058","targetHints":{"allow":["GET"]}}],"collection":[{"href":"https:\/\/olokoto.fi\/fi\/wp-json\/wp\/v2\/pages"}],"about":[{"href":"https:\/\/olokoto.fi\/fi\/wp-json\/wp\/v2\/types\/page"}],"author":[{"embeddable":true,"href":"https:\/\/olokoto.fi\/fi\/wp-json\/wp\/v2\/users\/6"}],"replies":[{"embeddable":true,"href":"https:\/\/olokoto.fi\/fi\/wp-json\/wp\/v2\/comments?post=1058"}],"version-history":[{"count":7,"href":"https:\/\/olokoto.fi\/fi\/wp-json\/wp\/v2\/pages\/1058\/revisions"}],"predecessor-version":[{"id":1249,"href":"https:\/\/olokoto.fi\/fi\/wp-json\/wp\/v2\/pages\/1058\/revisions\/1249"}],"up":[{"embeddable":true,"href":"https:\/\/olokoto.fi\/fi\/wp-json\/wp\/v2\/pages\/1053"}],"wp:attachment":[{"href":"https:\/\/olokoto.fi\/fi\/wp-json\/wp\/v2\/media?parent=1058"}],"curies":[{"name":"wp","href":"https:\/\/api.w.org\/{rel}","templated":true}]}}