{"id":1010,"date":"2024-11-07T12:15:59","date_gmt":"2024-11-07T12:15:59","guid":{"rendered":"https:\/\/olokotofi.test.cchosting.fi\/cookie-notice\/"},"modified":"2024-11-07T12:16:47","modified_gmt":"2024-11-07T12:16:47","slug":"evasteet","status":"publish","type":"page","link":"https:\/\/olokoto.fi\/fi\/evasteet\/","title":{"rendered":"Ev\u00e4steet"},"content":{"rendered":"","protected":false},"excerpt":{"rendered":"<p> [&#8230;]<\/p>\n<p><a class=\"btn btn-secondary understrap-read-more-link\" href=\"https:\/\/olokoto.fi\/fi\/evasteet\/\">Lue lis\u00e4\u00e4&#8230;<span class=\"screen-reader-text\"> from Ev\u00e4steet<\/span><\/a><\/p>\n","protected":false},"author":6,"featured_media":0,"parent":0,"menu_order":0,"comment_status":"closed","ping_status":"closed","template":"","meta":{"_acf_changed":false,"footnotes":""},"class_list":["post-1010","page","type-page","status-publish","hentry"],"acf":[],"yoast_head":"<!-- This site is optimized with the Yoast SEO plugin v25.7 - https:\/\/yoast.com\/wordpress\/plugins\/seo\/ -->\n<title>Ev\u00e4steet - Olokoto<\/title>\n<meta name=\"robots\" content=\"index, follow, max-snippet:-1, max-image-preview:large, max-video-preview:-1\" \/>\n<link rel=\"canonical\" href=\"https:\/\/olokoto.fi\/fi\/evasteet\/\" \/>\n<meta property=\"og:locale\" content=\"fi_FI\" \/>\n<meta property=\"og:type\" content=\"article\" \/>\n<meta property=\"og:title\" content=\"Ev\u00e4steet - Olokoto\" \/>\n<meta property=\"og:description\" content=\"[...]Lue lis\u00e4\u00e4... from Ev\u00e4steet\" \/>\n<meta property=\"og:url\" content=\"https:\/\/olokoto.fi\/fi\/evasteet\/\" \/>\n<meta property=\"og:site_name\" content=\"Olokoto\" \/>\n<meta property=\"article:publisher\" content=\"https:\/\/www.facebook.com\/olokoto.fi\" \/>\n<meta property=\"article:modified_time\" content=\"2024-11-07T12:16:47+00:00\" \/>\n<meta name=\"twitter:card\" content=\"summary_large_image\" \/>\n<script type=\"application\/ld+json\" class=\"yoast-schema-graph\">{\"@context\":\"https:\/\/schema.org\",\"@graph\":[{\"@type\":\"WebPage\",\"@id\":\"https:\/\/olokoto.fi\/fi\/evasteet\/\",\"url\":\"https:\/\/olokoto.fi\/fi\/evasteet\/\",\"name\":\"Ev\u00e4steet - Olokoto\",\"isPartOf\":{\"@id\":\"https:\/\/olokoto.fi\/fi\/#website\"},\"datePublished\":\"2024-11-07T12:15:59+00:00\",\"dateModified\":\"2024-11-07T12:16:47+00:00\",\"breadcrumb\":{\"@id\":\"https:\/\/olokoto.fi\/fi\/evasteet\/#breadcrumb\"},\"inLanguage\":\"fi\",\"potentialAction\":[{\"@type\":\"ReadAction\",\"target\":[\"https:\/\/olokoto.fi\/fi\/evasteet\/\"]}]},{\"@type\":\"BreadcrumbList\",\"@id\":\"https:\/\/olokoto.fi\/fi\/evasteet\/#breadcrumb\",\"itemListElement\":[{\"@type\":\"ListItem\",\"position\":1,\"name\":\"Home\",\"item\":\"https:\/\/olokoto.fi\/fi\/\"},{\"@type\":\"ListItem\",\"position\":2,\"name\":\"Ev\u00e4steet\"}]},{\"@type\":\"WebSite\",\"@id\":\"https:\/\/olokoto.fi\/fi\/#website\",\"url\":\"https:\/\/olokoto.fi\/fi\/\",\"name\":\"Olokoto\",\"description\":\"\",\"publisher\":{\"@id\":\"https:\/\/olokoto.fi\/fi\/#organization\"},\"potentialAction\":[{\"@type\":\"SearchAction\",\"target\":{\"@type\":\"EntryPoint\",\"urlTemplate\":\"https:\/\/olokoto.fi\/fi\/?s={search_term_string}\"},\"query-input\":{\"@type\":\"PropertyValueSpecification\",\"valueRequired\":true,\"valueName\":\"search_term_string\"}}],\"inLanguage\":\"fi\"},{\"@type\":\"Organization\",\"@id\":\"https:\/\/olokoto.fi\/fi\/#organization\",\"name\":\"Olokoto\",\"url\":\"https:\/\/olokoto.fi\/fi\/\",\"logo\":{\"@type\":\"ImageObject\",\"inLanguage\":\"fi\",\"@id\":\"https:\/\/olokoto.fi\/fi\/#\/schema\/logo\/image\/\",\"url\":\"https:\/\/olokoto.fi\/wp-content\/uploads\/2024\/11\/olkoto-share.jpg\",\"contentUrl\":\"https:\/\/olokoto.fi\/wp-content\/uploads\/2024\/11\/olkoto-share.jpg\",\"width\":1920,\"height\":1080,\"caption\":\"Olokoto\"},\"image\":{\"@id\":\"https:\/\/olokoto.fi\/fi\/#\/schema\/logo\/image\/\"},\"sameAs\":[\"https:\/\/www.facebook.com\/olokoto.fi\",\"https:\/\/www.instagram.com\/olokoto.fi\/\"]}]}<\/script>\n<!-- \/ Yoast SEO plugin. -->","yoast_head_json":{"title":"Ev\u00e4steet - Olokoto","robots":{"index":"index","follow":"follow","max-snippet":"max-snippet:-1","max-image-preview":"max-image-preview:large","max-video-preview":"max-video-preview:-1"},"canonical":"https:\/\/olokoto.fi\/fi\/evasteet\/","og_locale":"fi_FI","og_type":"article","og_title":"Ev\u00e4steet - Olokoto","og_description":"[...]Lue lis\u00e4\u00e4... from Ev\u00e4steet","og_url":"https:\/\/olokoto.fi\/fi\/evasteet\/","og_site_name":"Olokoto","article_publisher":"https:\/\/www.facebook.com\/olokoto.fi","article_modified_time":"2024-11-07T12:16:47+00:00","twitter_card":"summary_large_image","schema":{"@context":"https:\/\/schema.org","@graph":[{"@type":"WebPage","@id":"https:\/\/olokoto.fi\/fi\/evasteet\/","url":"https:\/\/olokoto.fi\/fi\/evasteet\/","name":"Ev\u00e4steet - Olokoto","isPartOf":{"@id":"https:\/\/olokoto.fi\/fi\/#website"},"datePublished":"2024-11-07T12:15:59+00:00","dateModified":"2024-11-07T12:16:47+00:00","breadcrumb":{"@id":"https:\/\/olokoto.fi\/fi\/evasteet\/#breadcrumb"},"inLanguage":"fi","potentialAction":[{"@type":"ReadAction","target":["https:\/\/olokoto.fi\/fi\/evasteet\/"]}]},{"@type":"BreadcrumbList","@id":"https:\/\/olokoto.fi\/fi\/evasteet\/#breadcrumb","itemListElement":[{"@type":"ListItem","position":1,"name":"Home","item":"https:\/\/olokoto.fi\/fi\/"},{"@type":"ListItem","position":2,"name":"Ev\u00e4steet"}]},{"@type":"WebSite","@id":"https:\/\/olokoto.fi\/fi\/#website","url":"https:\/\/olokoto.fi\/fi\/","name":"Olokoto","description":"","publisher":{"@id":"https:\/\/olokoto.fi\/fi\/#organization"},"potentialAction":[{"@type":"SearchAction","target":{"@type":"EntryPoint","urlTemplate":"https:\/\/olokoto.fi\/fi\/?s={search_term_string}"},"query-input":{"@type":"PropertyValueSpecification","valueRequired":true,"valueName":"search_term_string"}}],"inLanguage":"fi"},{"@type":"Organization","@id":"https:\/\/olokoto.fi\/fi\/#organization","name":"Olokoto","url":"https:\/\/olokoto.fi\/fi\/","logo":{"@type":"ImageObject","inLanguage":"fi","@id":"https:\/\/olokoto.fi\/fi\/#\/schema\/logo\/image\/","url":"https:\/\/olokoto.fi\/wp-content\/uploads\/2024\/11\/olkoto-share.jpg","contentUrl":"https:\/\/olokoto.fi\/wp-content\/uploads\/2024\/11\/olkoto-share.jpg","width":1920,"height":1080,"caption":"Olokoto"},"image":{"@id":"https:\/\/olokoto.fi\/fi\/#\/schema\/logo\/image\/"},"sameAs":["https:\/\/www.facebook.com\/olokoto.fi","https:\/\/www.instagram.com\/olokoto.fi\/"]}]}},"_links":{"self":[{"href":"https:\/\/olokoto.fi\/fi\/wp-json\/wp\/v2\/pages\/1010","targetHints":{"allow":["GET"]}}],"collection":[{"href":"https:\/\/olokoto.fi\/fi\/wp-json\/wp\/v2\/pages"}],"about":[{"href":"https:\/\/olokoto.fi\/fi\/wp-json\/wp\/v2\/types\/page"}],"author":[{"embeddable":true,"href":"https:\/\/olokoto.fi\/fi\/wp-json\/wp\/v2\/users\/6"}],"replies":[{"embeddable":true,"href":"https:\/\/olokoto.fi\/fi\/wp-json\/wp\/v2\/comments?post=1010"}],"version-history":[{"count":1,"href":"https:\/\/olokoto.fi\/fi\/wp-json\/wp\/v2\/pages\/1010\/revisions"}],"predecessor-version":[{"id":1011,"href":"https:\/\/olokoto.fi\/fi\/wp-json\/wp\/v2\/pages\/1010\/revisions\/1011"}],"wp:attachment":[{"href":"https:\/\/olokoto.fi\/fi\/wp-json\/wp\/v2\/media?parent=1010"}],"curies":[{"name":"wp","href":"https:\/\/api.w.org\/{rel}","templated":true}]}}